{"id":5,"date":"2014-09-01T15:14:03","date_gmt":"2014-09-01T12:14:03","guid":{"rendered":"http:\/\/euc.fi\/?page_id=5"},"modified":"2021-02-06T14:10:32","modified_gmt":"2021-02-06T11:10:32","slug":"harjoitukset","status":"publish","type":"page","link":"http:\/\/euc.fi\/en\/harjoitukset\/","title":{"rendered":"Harjoitukset ja Yhteystiedot"},"content":{"rendered":"<div id=\"dslc-theme-content\"><div id=\"dslc-theme-content-inner\"><p><b>Join the training<\/b><\/p>\n<p>In EUC we train in three different groups <a title=\"Men\" href=\"http:\/\/euc.fi\/en\/otso\/\">miehet<\/a>, <a title=\"Women\" href=\"http:\/\/euc.fi\/en\/viima\/\">naiset<\/a> ja <a title=\"Juniors\" href=\"http:\/\/euc.fi\/en\/juniorit\/\">juniorit<\/a>.<\/p>\n<p>In all of the groups introduction to the training is free, so please join us!<\/p>\n<p>If you are interested in the sport, you can join by paying the member fee. We also gather a training fee each summer and winter season to pay for the fields. Junior fees are cheaper than the adults. For more information contact:<\/p>\n<p>Women:\u00a0<a href=\"mailto:viima@euc.fi\">viima@euc.fi<\/a><br \/>Men:\u00a0<a href=\"mailto:otso@euc.fi\"><span class=\"s1\">otso@euc.fi<\/span><\/a><span class=\"s2\"><br \/><\/span>Juniors:\u00a0<a href=\"mailto:juniorit@euc.fi\">juniorit@euc.fi<\/a><br \/><br \/><\/p>\n<p>Board: <a href=\"mailto:hallitus@euc.fi\">hallitus@euc.fi<\/a><\/p>\n<p>Tutustu tietosuojaselosteeseemme <a href=\"http:\/\/euc.fi\/wp-content\/uploads\/2018\/11\/TIETOSUOJASELOSTE-euc.pdf\">t\u00e4\u00e4ll\u00e4<\/a>.<\/p>\n<p><\/p>\n\n\n<p><\/p>\n<\/div><\/div>","protected":false},"excerpt":{"rendered":"<p>MUKAAN SEURAN HARJOITUKSIIN EUC:ssa treenataan kolmessa porukassa, miehet, naiset ja juniorit. Kaikissa ryhmiss\u00e4 harjoituksiin tutustuminen on ilmaista, joten tule rohkeasti kokeilemaan! Jos ja kun ultimatek\u00e4rp\u00e4nen puraisee, seuran j\u00e4seneksi voi liitty\u00e4 maksamalla seuran j\u00e4senmaksun. J\u00e4senmaksun lis\u00e4ksi sek\u00e4 talvi- ett\u00e4 kes\u00e4kaudella ker\u00e4t\u00e4\u00e4n harjoitusmaksut, joilla katetaan harjoituskenttien kustannukset. Juniorit treenaavat ja pelaavat edullisemmin [&hellip;]<\/p>\n","protected":false},"author":1,"featured_media":0,"parent":0,"menu_order":0,"comment_status":"closed","ping_status":"closed","template":"","meta":{"footnotes":""},"class_list":["post-5","page","type-page","status-publish","hentry"],"_links":{"self":[{"href":"http:\/\/euc.fi\/en\/wp-json\/wp\/v2\/pages\/5"}],"collection":[{"href":"http:\/\/euc.fi\/en\/wp-json\/wp\/v2\/pages"}],"about":[{"href":"http:\/\/euc.fi\/en\/wp-json\/wp\/v2\/types\/page"}],"author":[{"embeddable":true,"href":"http:\/\/euc.fi\/en\/wp-json\/wp\/v2\/users\/1"}],"replies":[{"embeddable":true,"href":"http:\/\/euc.fi\/en\/wp-json\/wp\/v2\/comments?post=5"}],"version-history":[{"count":18,"href":"http:\/\/euc.fi\/en\/wp-json\/wp\/v2\/pages\/5\/revisions"}],"predecessor-version":[{"id":368,"href":"http:\/\/euc.fi\/en\/wp-json\/wp\/v2\/pages\/5\/revisions\/368"}],"wp:attachment":[{"href":"http:\/\/euc.fi\/en\/wp-json\/wp\/v2\/media?parent=5"}],"curies":[{"name":"wp","href":"https:\/\/api.w.org\/{rel}","templated":true}]}}