{"id":12,"date":"2014-09-01T15:18:38","date_gmt":"2014-09-01T12:18:38","guid":{"rendered":"http:\/\/euc.fi\/?page_id=12"},"modified":"2026-02-23T17:51:45","modified_gmt":"2026-02-23T14:51:45","slug":"kesaleiri","status":"publish","type":"page","link":"https:\/\/euc.fi\/en\/kesaleiri\/","title":{"rendered":"KES\u00c4LEIRI 2026"},"content":{"rendered":"<div id=\"dslc-theme-content\"><div id=\"dslc-theme-content-inner\"><h3>ESPOO ULTIMATE CLUB ON MUKANA MONILAJILEIRILL\u00c4 2026 \u2013 ILMOITTAUDU MUKAAN!<\/h3>\n<p><b>LEIRIVIIKOT<\/b><b><br \/>\n<\/b><span style=\"font-weight: 400;\">\u2013 Ensimm\u00e4inen leiriviikko 1.6.-5.6.2026<\/span><span style=\"font-weight: 400;\"><br \/>\n<\/span><span style=\"font-weight: 400;\">\u2013 Toinen leiriviikko 8.6.-12.6.2026<\/span><\/p>\n<p><span style=\"font-weight: 400;\">Monilajileiri on kuuden lajin liikuntaleiri Lepp\u00e4vaarassa S\u00e4terinniityn kent\u00e4ll\u00e4. Ohjattua toimintaa on p\u00e4ivitt\u00e4in klo 9:00-15:00 v\u00e4lisen\u00e4 aikana, leirill\u00e4 on valvonta klo 8:30 \u2013 16:30.\u00a0<\/span><\/p>\n<p><span style=\"font-weight: 400;\">Lajeina Lepp\u00e4vaaran monilajileirill\u00e4 ovat\u00a0<\/span><b>ultimate<\/b><span style=\"font-weight: 400;\">, jalkapallo, miekkailu, salibandy, tennis ja yleisurheilu.<\/span><\/p>\n<p><span style=\"font-weight: 400;\">Leiri on tarkoitettu 2014-2018 syntyneille lapsille. Leirin hintaan 98\u20ac sis\u00e4ltyy l\u00e4mmin ateria, v\u00e4lipala ja T-paita. Hintaan kuuluu my\u00f6s vakuutus leirin ajalle.<\/span><\/p>\n<p><b>ILMOITTAUTUMINEN<\/b><\/p>\n<p><span style=\"font-weight: 400;\">Monilajileiri viikko 1:\u00a0<a href=\"https:\/\/espoonmiekkailijat.myclub.fi\/flow\/events\/10324951\">https:\/\/espoonmiekkailijat.myclub.fi\/flow\/events\/10324951<\/a><\/span><\/p>\n<p><span style=\"font-weight: 400;\">Monilajileiri viikko 2:\u00a0<a href=\"https:\/\/espoonmiekkailijat.myclub.fi\/flow\/events\/10324965\">https:\/\/espoonmiekkailijat.myclub.fi\/flow\/events\/10324965<\/a><\/span><\/p>\n<p><span style=\"font-weight: 400;\">S\u00e4hk\u00f6postivahvistus saattaa vastaanottajan asetuksista riippuen menn\u00e4 my\u00f6s roskapostikansioon \u2013 tarkista se siis ilmoittautumisen j\u00e4lkeen!<\/span><\/p>\n<p><span style=\"font-weight: 400;\">Lis\u00e4tiedot:<\/span><\/p>\n<p><span style=\"font-weight: 400;\">Ultimaten lajivastaava<\/span><span style=\"font-weight: 400;\"><br \/>\n<\/span><span style=\"font-weight: 400;\">Kaapo Peura<\/span><span style=\"font-weight: 400;\"><br \/>\n<\/span><span style=\"font-weight: 400;\">kaapo.peura@gmail.com<\/span><span style=\"font-weight: 400;\"><br \/>\n<\/span><\/p>\n<\/div><\/div>","protected":false},"excerpt":{"rendered":"<p>ESPOO ULTIMATE CLUB ON MUKANA MONILAJILEIRILL\u00c4 2026 \u2013 ILMOITTAUDU MUKAAN! LEIRIVIIKOT \u2013 Ensimm\u00e4inen leiriviikko 1.6.-5.6.2026 \u2013 Toinen leiriviikko 8.6.-12.6.2026 Monilajileiri on kuuden lajin liikuntaleiri Lepp\u00e4vaarassa S\u00e4terinniityn kent\u00e4ll\u00e4. Ohjattua toimintaa on p\u00e4ivitt\u00e4in klo 9:00-15:00 v\u00e4lisen\u00e4 aikana, leirill\u00e4 on valvonta klo 8:30 \u2013 16:30.\u00a0 Lajeina Lepp\u00e4vaaran monilajileirill\u00e4 ovat\u00a0ultimate, jalkapallo, miekkailu, salibandy, tennis [&hellip;]<\/p>\n","protected":false},"author":1,"featured_media":0,"parent":0,"menu_order":0,"comment_status":"closed","ping_status":"closed","template":"","meta":{"footnotes":""},"class_list":["post-12","page","type-page","status-publish","hentry"],"_links":{"self":[{"href":"https:\/\/euc.fi\/en\/wp-json\/wp\/v2\/pages\/12"}],"collection":[{"href":"https:\/\/euc.fi\/en\/wp-json\/wp\/v2\/pages"}],"about":[{"href":"https:\/\/euc.fi\/en\/wp-json\/wp\/v2\/types\/page"}],"author":[{"embeddable":true,"href":"https:\/\/euc.fi\/en\/wp-json\/wp\/v2\/users\/1"}],"replies":[{"embeddable":true,"href":"https:\/\/euc.fi\/en\/wp-json\/wp\/v2\/comments?post=12"}],"version-history":[{"count":27,"href":"https:\/\/euc.fi\/en\/wp-json\/wp\/v2\/pages\/12\/revisions"}],"predecessor-version":[{"id":669,"href":"https:\/\/euc.fi\/en\/wp-json\/wp\/v2\/pages\/12\/revisions\/669"}],"wp:attachment":[{"href":"https:\/\/euc.fi\/en\/wp-json\/wp\/v2\/media?parent=12"}],"curies":[{"name":"wp","href":"https:\/\/api.w.org\/{rel}","templated":true}]}}