{"id":183,"date":"2019-07-30T19:32:40","date_gmt":"2019-07-30T16:32:40","guid":{"rendered":"http:\/\/euc.fi\/?page_id=183"},"modified":"2025-10-08T23:55:49","modified_gmt":"2025-10-08T20:55:49","slug":"alkeiskurssi","status":"publish","type":"page","link":"https:\/\/euc.fi\/en\/alkeiskurssi\/","title":{"rendered":"Alkeisryhm\u00e4t"},"content":{"rendered":"<div id=\"dslc-theme-content\"><div id=\"dslc-theme-content-inner\">\n<h2 class=\"wp-block-heading\">Alkeisryhm\u00e4t - Beginners groups<\/h2>\n\n\n\n<figure class=\"wp-block-image size-large\"><img loading=\"lazy\" decoding=\"async\" width=\"964\" height=\"572\" src=\"https:\/\/euc.fi\/wp-content\/uploads\/2022\/08\/image.png\" alt=\"\" class=\"wp-image-435\" srcset=\"https:\/\/euc.fi\/wp-content\/uploads\/2022\/08\/image.png 964w, https:\/\/euc.fi\/wp-content\/uploads\/2022\/08\/image-300x178.png 300w, https:\/\/euc.fi\/wp-content\/uploads\/2022\/08\/image-768x456.png 768w\" sizes=\"(max-width: 964px) 100vw, 964px\" \/><\/figure>\n\n\n\n<h2 class=\"wp-block-heading\">Pit\u00e4isik\u00f6 syksylle l\u00f6yt\u00e4\u00e4 uusi harrastus tai kiinnostaako vauhdikas joukkuelaji?<\/h2>\n\n\n\n<p>Kiinnostaisiko aloittaa uusi laji, jossa yhdistyv\u00e4t vauhti, luovuus ja hyv\u00e4 yhteishenki? Ultimate on nopeatempoinen joukkuelaji, joka yhdistelee eri lajien ominaisuuksia hyvin uniikiksi kokonaisuudeksi. Parasta on, ett\u00e4 peli\u00e4 pelataan ilman tuomareita \u2013 reiluus ja kunnioitus ovat kaiken ytimess\u00e4. Nyt sinulla olisi mahdollisuus p\u00e4\u00e4st\u00e4 sis\u00e4\u00e4n uuteen mielenkiintoiseen harrastukseen!<\/p>\n\n\n\n<p>Espoo Ultimate Club j\u00e4rjest\u00e4\u00e4 ultimaten alkeiskurssin noin 16-22 vuotiaille Otaniemen lukiolla. Mukaan et tarvitse muuta kuin itsesi ja sis\u00e4peleihin sopivat keng\u00e4t. Kurssi on t\u00e4ysin <strong>ilmainen <\/strong>ja sis\u00e4lt\u00e4\u00e4 nelj\u00e4 harjoituskertaa, joiden aikana tutustutaan lajin perusteisiin. Voit osallistua kurssilla oman fiiliksen mukaan yhteen tai vaikka kaikkiin harjoituksiin!&nbsp;<\/p>\n\n\n\n<p>Harjoitukset j\u00e4rjestet\u00e4\u00e4n Otaniemen lukion liikuntasalissa (Tietotie 6). Harjoitusp\u00e4iv\u00e4t ovat:<\/p>\n\n\n\n<ul class=\"wp-block-list\">\n<li>9.11. klo 10:30-12:00<\/li>\n\n\n\n<li>16.11. klo 10:30-12:00<\/li>\n\n\n\n<li>23.11. klo 10:30-12:00<\/li>\n\n\n\n<li>30.11. klo 10:30-12:00<\/li>\n<\/ul>\n\n\n\n<p><strong>Ilmoittaudu mukaan<\/strong> t\u00e4ytt\u00e4m\u00e4ll\u00e4 lomake <a href=\"https:\/\/forms.gle\/SZGUE5oTngmAFuzH9\"><strong>t\u00e4st\u00e4<\/strong><\/a>. Kurssin j\u00e4lkeen olet tervetullut ja valmis seuran harjoituksiin!<\/p>\n\n\n\n<p>Lis\u00e4tietoja lajista saatavilla <a href=\"https:\/\/ultimate.fi\/home\/aloita-ultimate\/\">Suomen Liitokiekkoliiton nettisivuilta<\/a>.<\/p>\n\n\n\n<h2 class=\"wp-block-heading\">Espoo Ultimate Club sosiaalisessa mediassa<\/h2>\n\n\n\n<p>Naisten joukkue<\/p>\n\n\n\n<ul class=\"wp-block-list\">\n<li><a href=\"http:\/\/www.facebook.com\/viimaultimate\" data-type=\"URL\" data-id=\"www.facebook.com\/viimaultimate\">www.facebook.com\/viimaultimate<\/a><\/li>\n\n\n\n<li><a href=\"http:\/\/www.instagram.com\/viimaultimate\" data-type=\"URL\" data-id=\"www.instagram.com\/viimaultimate\">www.instagram.com\/viimaultimate<\/a><\/li>\n<\/ul>\n\n\n\n<p>Miesten joukkue<\/p>\n\n\n\n<ul class=\"wp-block-list\">\n<li><a href=\"http:\/\/www.facebook.com\/otsoultimate\" data-type=\"URL\" data-id=\"www.facebook.com\/otsoultimate\">www.facebook.com\/otsoultimate<\/a> <\/li>\n\n\n\n<li><a href=\"https:\/\/www.instagram.com\/otsoultimate\/\" data-type=\"URL\" data-id=\"https:\/\/www.instagram.com\/otsoultimate\/\">www.instagram.com\/otsoultimate\/<\/a><\/li>\n<\/ul>\n\n\n\n<p>U17 Juniorit<\/p>\n\n\n\n<ul class=\"wp-block-list\">\n<li><a href=\"https:\/\/www.instagram.com\/euc_juniors\" data-type=\"URL\" data-id=\"https:\/\/www.instagram.com\/otsoultimate\/\">www.instagram.com\/euc_juniors<\/a><\/li>\n<\/ul>\n\n\n\n<h2 class=\"wp-block-heading\">Are you looking for a new hobby or interested in a new team sport?<\/h2>\n\n\n\n<p>Are you looking for a new hobby for the autumn, or are you interested in a fast-paced team sport? Would you like to start a sport that combines speed, creativity, and great team spirit?Ultimate is a fast-paced team sport that blends features from different sports into a unique game. The best part is that it's played without referees\u2014<strong>fairness and respect are at the core of everything<\/strong>. Now is your chance to get into a fun and interesting new hobby!<\/p>\n\n\n\n<h3 class=\"wp-block-heading\"><strong>About the Beginner's Course<\/strong><\/h3>\n\n\n\n<p><strong>Espoo Ultimate Club<\/strong> is organizing a beginner's course in ultimate for people <strong>aged approximately 16-22<\/strong> at Otaniemi High School. All you need to bring is yourself and shoes suitable for indoor sports. The course is <strong>completely free<\/strong> and includes four training sessions where you'll learn the basics of the sport. You can join for one session or come to all of them\u2014whatever works for you!<\/p>\n\n\n\n<h2 class=\"wp-block-heading\"><strong>Schedule &amp; Location<\/strong><\/h2>\n\n\n\n<p>All training sessions will be held in the sports hall of Otaniemi High School. Tietotie 6, Espoo<\/p>\n\n\n\n<ul class=\"wp-block-list\">\n<li>Saturday, November 9, from 10:30 AM to 12:00 PM<\/li>\n\n\n\n<li>Saturday, November 16, from 10:30 AM to 12:00 PM<\/li>\n\n\n\n<li>Saturday, November 23, from 10:30 AM to 12:00 PM<\/li>\n\n\n\n<li>Saturday, November 30, from 10:30 AM to 12:00 PM<\/li>\n<\/ul>\n\n\n\n<p><strong>Register here:<\/strong> <a href=\"https:\/\/forms.gle\/SZGUE5oTngmAFuzH9\">Registration form<\/a>. After the course you are equipped and welcome to join the team practices!<\/p>\n\n\n\n<p><strong>Learn more about the sport:<\/strong><a href=\"https:\/\/ultimate.fi\/home\/aloita-ultimate\/\"> <\/a><a href=\"https:\/\/ultimate.fi\/home\/aloita-ultimate\/\">Suomen Liitokiekkoliitto<\/a>.<\/p>\n\n\n\n<h2 class=\"wp-block-heading\"><strong>Espoo Ultimate Club - in social media<\/strong><\/h2>\n\n\n\n<p>Women\u2019s team<\/p>\n\n\n\n<ul class=\"wp-block-list\">\n<li><a href=\"http:\/\/www.facebook.com\/viimaultimate\" data-type=\"URL\" data-id=\"www.facebook.com\/viimaultimate\">www.facebook.com\/viimaultimate<\/a><\/li>\n\n\n\n<li><a href=\"http:\/\/www.instagram.com\/viimaultimate\" data-type=\"URL\" data-id=\"www.instagram.com\/viimaultimate\">www.instagram.com\/viimaultimate<\/a><\/li>\n<\/ul>\n\n\n\n<p>Men\u2019s team: <\/p>\n\n\n\n<ul class=\"wp-block-list\">\n<li><a href=\"http:\/\/www.facebook.com\/otsoultimate\" data-type=\"URL\" data-id=\"www.facebook.com\/otsoultimate\">www.facebook.com\/otsoultimate<\/a> <\/li>\n\n\n\n<li><a href=\"https:\/\/www.instagram.com\/otsoultimate\/\" data-type=\"URL\" data-id=\"https:\/\/www.instagram.com\/otsoultimate\/\">www.instagram.com\/otsoultimate\/<\/a><\/li>\n<\/ul>\n\n\n\n<p>U17 Junior team<\/p>\n\n\n\n<ul class=\"wp-block-list\">\n<li><a href=\"http:\/\/www.instagram.com\/euc_juniors\" data-type=\"URL\" data-id=\"https:\/\/www.instagram.com\/otsoultimate\/\">www.instagram.com\/euc_juniors<\/a><\/li>\n<\/ul>\n\n\n\n<p><\/p>\n<\/div><\/div>","protected":false},"excerpt":{"rendered":"<p>Alkeisryhm\u00e4t - Beginners groups Pit\u00e4isik\u00f6 syksylle l\u00f6yt\u00e4\u00e4 uusi harrastus tai kiinnostaako vauhdikas joukkuelaji? Kiinnostaisiko aloittaa uusi laji, jossa yhdistyv\u00e4t vauhti, luovuus ja hyv\u00e4 yhteishenki? Ultimate on nopeatempoinen joukkuelaji, joka yhdistelee eri lajien ominaisuuksia hyvin uniikiksi kokonaisuudeksi. Parasta on, ett\u00e4 peli\u00e4 pelataan ilman tuomareita \u2013 reiluus ja kunnioitus ovat kaiken ytimess\u00e4. [&hellip;]<\/p>\n","protected":false},"author":2,"featured_media":0,"parent":0,"menu_order":0,"comment_status":"closed","ping_status":"closed","template":"","meta":{"footnotes":""},"class_list":["post-183","page","type-page","status-publish","hentry"],"_links":{"self":[{"href":"https:\/\/euc.fi\/en\/wp-json\/wp\/v2\/pages\/183"}],"collection":[{"href":"https:\/\/euc.fi\/en\/wp-json\/wp\/v2\/pages"}],"about":[{"href":"https:\/\/euc.fi\/en\/wp-json\/wp\/v2\/types\/page"}],"author":[{"embeddable":true,"href":"https:\/\/euc.fi\/en\/wp-json\/wp\/v2\/users\/2"}],"replies":[{"embeddable":true,"href":"https:\/\/euc.fi\/en\/wp-json\/wp\/v2\/comments?post=183"}],"version-history":[{"count":14,"href":"https:\/\/euc.fi\/en\/wp-json\/wp\/v2\/pages\/183\/revisions"}],"predecessor-version":[{"id":662,"href":"https:\/\/euc.fi\/en\/wp-json\/wp\/v2\/pages\/183\/revisions\/662"}],"wp:attachment":[{"href":"https:\/\/euc.fi\/en\/wp-json\/wp\/v2\/media?parent=183"}],"curies":[{"name":"wp","href":"https:\/\/api.w.org\/{rel}","templated":true}]}}