{"id":21,"date":"2014-09-21T19:59:25","date_gmt":"2014-09-21T16:59:25","guid":{"rendered":"http:\/\/euc.fi\/?page_id=21"},"modified":"2025-09-28T21:06:02","modified_gmt":"2025-09-28T18:06:02","slug":"juniorit","status":"publish","type":"page","link":"https:\/\/euc.fi\/en\/juniorit\/","title":{"rendered":"Juniors"},"content":{"rendered":"<div id=\"dslc-theme-content\"><div id=\"dslc-theme-content-inner\"><p>Tule kokeilemaan ultimatea!<\/p>\n<p>Ultimate on liitokiekolla (frisbeell\u00e4) pelattava vauhdikas joukkuelaji, jossa t\u00e4rke\u00e4\u00e4 on hyv\u00e4n pelin lis\u00e4ksi reiluus ja iloinen yhdess\u00e4 tekeminen. Junioreissa ultimatea pelataan ja harjoitellaan sekajoukkueissa yhdell\u00e4 sarjatasolla (U17). Treenit on tarkoitettu p\u00e4\u00e4asiassa 2010 ja my\u00f6hemmin syntyneille nuorille. EUC:n juniorijoukkueessa pelaa 10-15 -vuotiaita tytt\u00f6j\u00e4 ja poikia. Toivomme joukkoomme nyt lis\u00e4\u00e4 pelaajia innostumaan ultimatesta!<\/p>\n<p><\/p>\n<p><\/p>\n<h3 class=\"wp-block-heading\"><strong>Junioreiden harjoitukset hallikaudella 2025-26 <\/strong><\/h3>\n<p> <\/p>\n<p>Hallikaudella treenaamme <strong>keskiviikkoisin klo 17:30-19:00<\/strong> Perkkaan koululla sek\u00e4 <strong>sunnuntaisin klo 10:30-12:00<\/strong> Otaniemen lukiolla. Hallikauden harjoitukset alkavat lokakuussa 2025 ja jatkuvat maaliskuun 2026 loppuun. Harjoituksia ei pidet\u00e4 koululaisten syys-, joulu- ja talvilomilla eik\u00e4 pyh\u00e4p\u00e4ivin\u00e4.<\/p>\n<p> <\/p>\n<p>Sis\u00e4treeneihin mukaan sis\u00e4pelikeng\u00e4t, sis\u00e4liikuntavaatteet sek\u00e4 juomapullo. Oman pelikiekon voi halutessaan ostaa seuralta. Meill\u00e4 on kokeileminen kolmen treenin verran maksutonta, ja vakituinen harrastaminen on my\u00f6s edullista. Koko sis\u00e4kausi (10\/2025-02\/2026) yhteens\u00e4 alle 150\u20ac.<\/p>\n<p> <\/p>\n<p>If you are interested in joining the training, please be in contact with <a href=\"mailto:juniorit@euc.fi\">juniorit@euc.fi<\/a>!<\/p>\n<p>Also check out ultimate.fi site <a href=\"http:\/\/www.ultimate.fi\/pelaaminen\/juniorit\/\">juniorisivu<\/a>, sek\u00e4 EUC:n juniorien Instagram-tili <a href=\"https:\/\/www.instagram.com\/euc_juniors\">@euc_juniors<\/a>!<\/p>\n<p><\/p>\n<p>Miksi ultimate on erityinen laji? Katso klippi <a href=\"https:\/\/www.youtube.com\/watch?v=Puq-jFYPrVs\" data-type=\"link\" data-id=\"https:\/\/www.youtube.com\/watch?v=Puq-jFYPrVs\">t\u00e4\u00e4lt\u00e4 (YouTube)<\/a>. Milt\u00e4 n\u00e4ytt\u00e4\u00e4 junioriultimate? Katso <a href=\"https:\/\/www.youtube.com\/watch?v=2ALZlZoW5HE\" data-type=\"link\" data-id=\"https:\/\/www.youtube.com\/watch?v=2ALZlZoW5HE\">t\u00e4m\u00e4 video (YouTube)<\/a> turnauksesta, johon my\u00f6s EUC osallistui viime talvikaudella.<\/p>\n<h3><strong>Junioreiden harjoitukset ulkokaudella 2025<\/strong><\/h3>\n<p>Harjoitukset ovat <strong>keskiviikkoisin<\/strong> Tapion kent\u00e4ll\u00e4 (<a href=\"https:\/\/goo.gl\/maps\/3sFJsuTvtomhG9W58\">Kaupinkalliontie 6<\/a>) <strong>klo 17-18:30 <\/strong>ja <strong>torstaisin <\/strong>Perkkaan tekonurmella (<a href=\"https:\/\/g.co\/kgs\/TgezxRh\">Itsehallintotie 12)<\/a> <strong>klo 16:30-18. <\/strong>Harjoitukset jatkuvat syyskuun 2025 loppuun. Hein\u00e4kuussa pid\u00e4mme kahden viikon kes\u00e4tauon 7.7. alkaen, eli treenit jatkuu ke 23.7.<\/p>\n<p>Kaikki ovat tervetulleita harjoituksiin taitotasosta riippumatta \u2013 tervetuloa kokeilemaan lajia!<\/p>\n<p>Ulkona treenaamme my\u00f6s sades\u00e4\u00e4ll\u00e4, eli varaathan s\u00e4\u00e4h\u00e4n sopivan urheiluvaatetuksen. Lis\u00e4ksi tarvitset mukaan juomapullon sek\u00e4 tekonurmelle sopivat keng\u00e4t (lenkkarit\/nappulakeng\u00e4t). Oman pelikiekon voi halutessaan ostaa seuralta.<\/p>\n\n\n<p>Muutokset mahdollisia.<\/p>\n\n\n\n<h3 class=\"wp-block-heading\"><\/h3>\n\n\n\n<p><\/p>\n<\/div><\/div>","protected":false},"excerpt":{"rendered":"<p>Tule kokeilemaan ultimatea! Ultimate on liitokiekolla (frisbeell\u00e4) pelattava vauhdikas joukkuelaji, jossa t\u00e4rke\u00e4\u00e4 on hyv\u00e4n pelin lis\u00e4ksi reiluus ja iloinen yhdess\u00e4 tekeminen. Junioreissa ultimatea pelataan ja harjoitellaan sekajoukkueissa yhdell\u00e4 sarjatasolla (U17). Treenit on tarkoitettu p\u00e4\u00e4asiassa 2010 ja my\u00f6hemmin syntyneille nuorille. EUC:n juniorijoukkueessa pelaa 10-15 -vuotiaita tytt\u00f6j\u00e4 ja poikia. Toivomme joukkoomme nyt [&hellip;]<\/p>\n","protected":false},"author":1,"featured_media":0,"parent":0,"menu_order":0,"comment_status":"closed","ping_status":"closed","template":"","meta":{"footnotes":""},"class_list":["post-21","page","type-page","status-publish","hentry"],"_links":{"self":[{"href":"https:\/\/euc.fi\/en\/wp-json\/wp\/v2\/pages\/21"}],"collection":[{"href":"https:\/\/euc.fi\/en\/wp-json\/wp\/v2\/pages"}],"about":[{"href":"https:\/\/euc.fi\/en\/wp-json\/wp\/v2\/types\/page"}],"author":[{"embeddable":true,"href":"https:\/\/euc.fi\/en\/wp-json\/wp\/v2\/users\/1"}],"replies":[{"embeddable":true,"href":"https:\/\/euc.fi\/en\/wp-json\/wp\/v2\/comments?post=21"}],"version-history":[{"count":81,"href":"https:\/\/euc.fi\/en\/wp-json\/wp\/v2\/pages\/21\/revisions"}],"predecessor-version":[{"id":654,"href":"https:\/\/euc.fi\/en\/wp-json\/wp\/v2\/pages\/21\/revisions\/654"}],"wp:attachment":[{"href":"https:\/\/euc.fi\/en\/wp-json\/wp\/v2\/media?parent=21"}],"curies":[{"name":"wp","href":"https:\/\/api.w.org\/{rel}","templated":true}]}}