{"id":32,"date":"2014-09-21T20:07:11","date_gmt":"2014-09-21T17:07:11","guid":{"rendered":"http:\/\/euc.fi\/?page_id=32"},"modified":"2023-02-19T21:59:53","modified_gmt":"2023-02-19T18:59:53","slug":"kesaleiri","status":"publish","type":"page","link":"https:\/\/euc.fi\/en\/kesaleiri\/kesaleiri\/","title":{"rendered":"KES\u00c4LEIRI - hae kes\u00e4t\u00f6ihin ohjaajaksi"},"content":{"rendered":"<div id=\"dslc-theme-content\"><div id=\"dslc-theme-content-inner\"><h3>ESPOO ULTIMATE CLUB ON MUKANA KES\u00c4LEIRILL\u00c4 2023 - HAE OHJAAJAKSI NYT!<\/h3>\n<p><strong>AVOIMET TY\u00d6PAIKAT:<\/strong><br \/>\n*Lajiohjaaja, 2 - 3 paikkaa<br \/>\n*Ryhm\u00e4nohjaaja, 2 paikkaa<\/p>\n<p>Espoo Ultimate Club hakee ohjaajia kes\u00e4t\u00f6ihin kes\u00e4kuussa 2023 Espoon Lepp\u00e4vaarassa pidett\u00e4v\u00e4lle lasten kes\u00e4leirille.<\/p>\n<p><strong><br \/>\nMonilajileirill\u00e4 ultimateohjaajana tai ryh\u00e4nohjaajana<\/strong><\/p>\n<p>Lajiohjaajan teht\u00e4v\u00e4\u00e4n kuuluu ultimaten lajituokioiden ohjaus. Ohjattavan ryhm\u00e4n mukana kulkee my\u00f6s ryhm\u00e4st\u00e4 vastuussa oleva ryhm\u00e4nohjaaja, eli ultimaten lajiohjaaja voit keskitty\u00e4 pelk\u00e4st\u00e4\u00e4n hyvien lajitreenien ohjaukseen.<\/p>\n<p>Ryhm\u00e4nohjaaja on leiriviikon ajan vastuussa h\u00e4nelle nimetyst\u00e4 lapsiryhm\u00e4st\u00e4. Ryhm\u00e4nohjaaja vastaanottaa lapset aamulla, kulkee ryhm\u00e4n mukana lajipisteill\u00e4 leirip\u00e4iv\u00e4n ajan ja odottaa p\u00e4iv\u00e4n lopuksi, ett\u00e4 kaikki lapset on haettu kotiin.<\/p>\n<p><strong><br \/>\nKuka voi hakea t\u00e4t\u00e4 ty\u00f6paikkaa<\/strong><\/p>\n<p>T\u00e4t\u00e4 kes\u00e4ty\u00f6paikkaa voi hakea kuka tahansa teht\u00e4v\u00e4st\u00e4 kiinnostunut. Kes\u00e4seteli katsotaan eduksi, mutta ei ole v\u00e4ltt\u00e4m\u00e4t\u00f6n. Kes\u00e4ty\u00f6 edellytt\u00e4\u00e4, ett\u00e4 pystyt osallistumaan ohjaajana kummallekin leirille. Aikaisempi kokemus lasten ohjaamisesta sek\u00e4 ultimaten lajitaitojen osaaminen katsotaan eduksi, mutta eiv\u00e4t ole v\u00e4ltt\u00e4m\u00e4tt\u00f6mi\u00e4. Ohjaajille j\u00e4rjestet\u00e4\u00e4n erillinen koulutus (2h) ennen leiri\u00e4 ja ohjaajilla on mahdollisuus osallistua my\u00f6s Espoon kaupungin tarjoamaan Lasten Liike -koulutukseen.<\/p>\n<p><strong><\/strong><strong>LEIRIVIIKOSTA TIIVIISTI:<\/strong><\/p>\n<p><strong>Milloin<\/strong>: Kes\u00e4loman kaksi ensimm\u00e4ist\u00e4 viikkoa, eli 6.-19.6 ja 12.-16.6.2023<br \/>\n<strong style=\"font-size: inherit;\">Miss\u00e4<\/strong><span style=\"font-size: inherit;\">: Lepp\u00e4vaarassa Espoossa<br \/>\n<\/span><strong>Ty\u00f6aika<\/strong>:<br \/>\nLajiohjaajat ovat t\u00f6iss\u00e4 ma \u2013 pe noin klo 9 \u2013 14 (p\u00e4iv\u00e4n kesto on 4 - 5h, kellonajat saattavat vaihdella p\u00e4iv\u00e4st\u00e4 riippuen).<br \/>\nRyhm\u00e4nohjaajat ovat t\u00f6iss\u00e4 ma - pe noin klo 8 - 16 (p\u00e4iv\u00e4n kesto on 7 - 8 h, kellonajat saattavat vaihdella p\u00e4iv\u00e4st\u00e4 riippuen).<br \/>\n<strong>Muuta<\/strong>: Leiriohjaajille kuuluu leirin aikana veloitukseton leiriruokailu.<br \/>\n<strong>Palkka:<\/strong> M\u00e4\u00e4r\u00e4ytyy sopimuksen mukaan mm. riippuen ohjaajan aikaisemmasta ty\u00f6kokemuksesta.<\/p>\n<p><strong><br \/>\nHakemukset tulee toimittaa:<\/strong><\/p>\n<p>s\u00e4hk\u00f6postilla osoitteeseen <span><a href=\"mailto:jarna.kalpala@gmail.com\">jarna.kalpala@gmail.com<\/a><\/span><\/p>\n<p>Paikat t\u00e4ytet\u00e4\u00e4n sit\u00e4 mukaan kun sopivia ohjaajia l\u00f6ytyy.<\/p>\n<p>Lis\u00e4tietoja voit tiedustella my\u00f6s puhelimitse Jarnalta 050 564 7527<\/p>\n<p><strong><br \/>\nHakemuksessa tulee k\u00e4yd\u00e4 ilmi:<\/strong><\/p>\n<p>*Nimi<br \/>\n<span style=\"font-size: inherit;\">*Ik\u00e4<br \/>\n<\/span>*Puhelinnumero<br \/>\n*S\u00e4hk\u00f6postiosoite<br \/>\n*Kotikunta<br \/>\n*Mahdollinen aikaisempi ty\u00f6kokemus (CV \/ ansioluettelo)<br \/>\n*Tieto siit\u00e4 onko hakijalla kes\u00e4seteli<br \/>\n*Noin 100 \u2013 200 sanaa pitk\u00e4 avoin hakemus, miss\u00e4 kerrot lyhyesti itsest\u00e4si. Kerro my\u00f6s, miksi juuri sinut tulisi valita kes\u00e4leirille ohjaajaksi. My\u00f6s videohakemukset otetaan huomioon.<\/p>\n<\/div><\/div>","protected":false},"excerpt":{"rendered":"<p>ESPOO ULTIMATE CLUB ON MUKANA KES\u00c4LEIRILL\u00c4 2023 - HAE OHJAAJAKSI NYT! AVOIMET TY\u00d6PAIKAT: *Lajiohjaaja, 2 - 3 paikkaa *Ryhm\u00e4nohjaaja, 2 paikkaa Espoo Ultimate Club hakee ohjaajia kes\u00e4t\u00f6ihin kes\u00e4kuussa 2023 Espoon Lepp\u00e4vaarassa pidett\u00e4v\u00e4lle lasten kes\u00e4leirille. Monilajileirill\u00e4 ultimateohjaajana tai ryh\u00e4nohjaajana Lajiohjaajan teht\u00e4v\u00e4\u00e4n kuuluu ultimaten lajituokioiden ohjaus. Ohjattavan ryhm\u00e4n mukana kulkee my\u00f6s ryhm\u00e4st\u00e4 [&hellip;]<\/p>\n","protected":false},"author":1,"featured_media":0,"parent":12,"menu_order":0,"comment_status":"closed","ping_status":"closed","template":"page-templates\/template-page-sidebar.php","meta":{"footnotes":""},"class_list":["post-32","page","type-page","status-publish","hentry"],"_links":{"self":[{"href":"https:\/\/euc.fi\/en\/wp-json\/wp\/v2\/pages\/32"}],"collection":[{"href":"https:\/\/euc.fi\/en\/wp-json\/wp\/v2\/pages"}],"about":[{"href":"https:\/\/euc.fi\/en\/wp-json\/wp\/v2\/types\/page"}],"author":[{"embeddable":true,"href":"https:\/\/euc.fi\/en\/wp-json\/wp\/v2\/users\/1"}],"replies":[{"embeddable":true,"href":"https:\/\/euc.fi\/en\/wp-json\/wp\/v2\/comments?post=32"}],"version-history":[{"count":26,"href":"https:\/\/euc.fi\/en\/wp-json\/wp\/v2\/pages\/32\/revisions"}],"predecessor-version":[{"id":486,"href":"https:\/\/euc.fi\/en\/wp-json\/wp\/v2\/pages\/32\/revisions\/486"}],"up":[{"embeddable":true,"href":"https:\/\/euc.fi\/en\/wp-json\/wp\/v2\/pages\/12"}],"wp:attachment":[{"href":"https:\/\/euc.fi\/en\/wp-json\/wp\/v2\/media?parent=32"}],"curies":[{"name":"wp","href":"https:\/\/api.w.org\/{rel}","templated":true}]}}