{"id":456,"date":"2023-01-13T15:46:25","date_gmt":"2023-01-13T12:46:25","guid":{"rendered":"https:\/\/euc.fi\/?page_id=456"},"modified":"2023-11-06T18:17:22","modified_gmt":"2023-11-06T15:17:22","slug":"tilanne-paalla-2023","status":"publish","type":"page","link":"https:\/\/euc.fi\/en\/tilanne-paalla-2023\/","title":{"rendered":"Tilanne P\u00e4\u00e4ll\u00e4 2023"},"content":{"rendered":"<div id=\"dslc-theme-content\"><div id=\"dslc-theme-content-inner\">\n<figure class=\"wp-block-image size-full\"><a href=\"https:\/\/euc.fi\/wp-content\/uploads\/2023\/01\/WhatsApp-Image-2023-01-13-at-10.23.11.jpeg\"><img loading=\"lazy\" decoding=\"async\" width=\"1024\" height=\"547\" src=\"https:\/\/euc.fi\/wp-content\/uploads\/2023\/01\/WhatsApp-Image-2023-01-13-at-10.23.11.jpeg\" alt=\"\" class=\"wp-image-457\" srcset=\"https:\/\/euc.fi\/wp-content\/uploads\/2023\/01\/WhatsApp-Image-2023-01-13-at-10.23.11.jpeg 1024w, https:\/\/euc.fi\/wp-content\/uploads\/2023\/01\/WhatsApp-Image-2023-01-13-at-10.23.11-300x160.jpeg 300w, https:\/\/euc.fi\/wp-content\/uploads\/2023\/01\/WhatsApp-Image-2023-01-13-at-10.23.11-768x410.jpeg 768w, https:\/\/euc.fi\/wp-content\/uploads\/2023\/01\/WhatsApp-Image-2023-01-13-at-10.23.11-18x10.jpeg 18w\" sizes=\"(max-width: 1024px) 100vw, 1024px\" \/><\/a><\/figure>\n\n\n\n<h2 class=\"wp-block-heading\">Tilanne P\u00e4\u00e4ll\u00e4 2023 - 26.2.2023<\/h2>\n\n\n\n<h2 class=\"wp-block-heading\">Lopulliset Tulokset<\/h2>\n\n\n\n<figure class=\"wp-block-table\"><table><tbody><tr><td><\/td><td><strong>Avoin<\/strong><\/td><td><\/td><td><\/td><td><strong>Women<\/strong><\/td><\/tr><tr><td>1<\/td><td>Reppulit<\/td><td><\/td><td>1<\/td><td>Sipoo Odd Stars<\/td><\/tr><tr><td>2<\/td><td>Coman Kound\u00e9<\/td><td><\/td><td>2<\/td><td>Trikoobeibet<\/td><\/tr><tr><td>3<\/td><td>Melm\u00f6<\/td><td><\/td><td>3<\/td><td>Goldies<\/td><\/tr><tr><td>4<\/td><td>Hukka<\/td><td><\/td><td>4<\/td><td>Erhelicious<\/td><\/tr><tr><td>5<\/td><td>Mikko No Morri<\/td><td><\/td><td>5<\/td><td>Asiaa!<\/td><\/tr><tr><td>6<\/td><td>Salko Few Stars<\/td><td><\/td><td>6<\/td><td>Viima Express<\/td><\/tr><tr><td>7<\/td><td>Loputon Hiki (LoHi)<\/td><td><\/td><td><\/td><td><\/td><\/tr><tr><td>8<\/td><td>Buzz Boys<\/td><td><\/td><td><\/td><td><\/td><\/tr><tr><td>9<\/td><td>Konala<\/td><td><\/td><td><\/td><td><\/td><\/tr><tr><td>10<\/td><td>ESKARI<\/td><td><\/td><td><\/td><td><\/td><\/tr><tr><td>11<\/td><td>Latecomers<\/td><td><\/td><td><\/td><td><\/td><\/tr><\/tbody><\/table><\/figure>\n\n\n\n<p><\/p>\n\n\n\n<p>Aikataulut ja tulospalvelu <a href=\"https:\/\/docs.google.com\/spreadsheets\/d\/1df98Abehno45yykdcy09vP0boMevU3y1PlGr0bYA0X4\/edit?usp=sharing\">t\u00e4\u00e4ll\u00e4<\/a> <\/p>\n\n\n\n<p>Tapahtuman Facebook sivu: <a href=\"https:\/\/fb.me\/e\/2wqeIqJTz\">T\u00e4\u00e4ll\u00e4<\/a><\/p>\n\n\n\n<p>3v3 pelattava uusi turnaus! Peliformaatti yhdist\u00e4\u00e4 nopeatempoisen pelin, tavallista pienemm\u00e4n pelikent\u00e4n, lyhyet pelit, jatkuvan pelin ilman taukoja sek\u00e4 tunteen siit\u00e4 ett\u00e4 nyt on tilanne p\u00e4\u00e4ll\u00e4!<\/p>\n\n\n\n<p>Kokoa oma nelj\u00e4n tai viiden hengen joukkueesi ja l\u00e4hde mukaan haastamaan muita vuoden raikkaimmassa turnaustulokkaassa.<\/p>\n\n\n\n<h2 class=\"wp-block-heading\">Perusasiat<\/h2>\n\n\n\n<ul class=\"wp-block-list\">\n<li>Turnausformaatit:\n<ul class=\"wp-block-list\">\n<li>Avoin: 2 lohkoa joista 4 parasta jatkoon ylemp\u00e4\u00e4n playoff-kaavioon (kvartsit, semit, finaali). Lohkojen sijat 5 ja 6 pelaavat kolmen joukkueen round robinin. Lohkossa A on vapaaa kierros.&nbsp;<\/li>\n\n\n\n<li>Naiset: 1 lohko josta 4 parasta joukkuetta ylemp\u00e4\u00e4n kaavioon (semit, pronssi, finaali). Lohkon sijat 5-6 pelaavat viel\u00e4 sijoituspelin.<\/li>\n<\/ul>\n<\/li>\n\n\n\n<li>Toimitseminen\n<ul class=\"wp-block-list\">\n<li>Edellisen ottelun kotijoukkue huolehtii seuraavan ottelun pisteist\u00e4 ja lopputulos ilmoitetaan turnausp\u00f6yd\u00e4lle. Toimitsemisvuorot n\u00e4kyv\u00e4t turnausaikataulussa, erityishuomio ensimm\u00e4isten pelien toimitsijat:&nbsp;<strong>Mikko No Morri ja Melm\u00f6<\/strong>!<\/li>\n\n\n\n<li>Turnauksessa on my\u00f6s erillisi\u00e4 toimitsijoita joiden vuorot ovat merkitty aikatauluun<\/li>\n<\/ul>\n<\/li>\n\n\n\n<li>Pukuhuoneet: Hallilla on kaksi pukuhuonetta (1 kpl miehet ja 1 kpl naiset)<\/li>\n<\/ul>\n\n\n\n<h2 class=\"wp-block-heading\">Turnauss\u00e4\u00e4nn\u00f6t<\/h2>\n\n\n\n<ul class=\"wp-block-list\">\n<li>Turnauss\u00e4\u00e4nn\u00f6iss\u00e4 olevien porsaanreikien hyv\u00e4ksik\u00e4ytt\u00e4minen tulkitaan h\u00e4pe\u00e4lliseksi teoksi, hyh!<\/li>\n\n\n\n<li>Joukkueilta odotetaan hyv\u00e4n spiritin mukaista toimintaa. Spirit pisteit\u00e4 ei ker\u00e4t\u00e4 otteluista.<\/li>\n\n\n\n<li>Joukkeella on oltava yhten\u00e4inen peliasu<\/li>\n\n\n\n<li>Joukkue koostuu 3-5 pelaajasta<\/li>\n\n\n\n<li>Pelikent\u00e4n koko n. 20mx10m, maalialueen syvyys n.5m<\/li>\n\n\n\n<li>Peliaika 10min<\/li>\n\n\n\n<li>Pys\u00e4ytyslaskenta 6s ja s\u00e4\u00e4nn\u00f6t kuten sis\u00e4ultimatessa<\/li>\n<\/ul>\n\n\n\n<h3 class=\"wp-block-heading\">Pelin Kulku<\/h3>\n\n\n\n<ul class=\"wp-block-list\">\n<li>Joukkueet arpovat ennen pelin alkua puolustus\/hy\u00f6kk\u00e4ysvuoron ja aloitusp\u00e4\u00e4dyn normaalisti<\/li>\n\n\n\n<li>Joukkueen puolustama maali ei vaihdu pelin aikana<\/li>\n\n\n\n<li>Peliss\u00e4 ei ole kuin 1 aloitusheitto pelin alussa<\/li>\n\n\n\n<li>Peliaika alkaa ja loppuu yhdell\u00e4 yhteisell\u00e4 \u00e4\u00e4nimerkill\u00e4 aikataulun mukaisesti kaikilla kentill\u00e4<\/li>\n\n\n\n<li>Peleiss\u00e4 ei ole puoliaikaa<\/li>\n\n\n\n<li>Alkulohkossa joukkueiden paremmuus ratkaistaan j\u00e4rjestyksess\u00e4: pisteet, keskin\u00e4iset ottelut, keskin\u00e4isten otteluiden maaliero, kaikkien otteluiden maaliero, ja mik\u00e4li n\u00e4m\u00e4 ovat tasan, kivi-sakset-paperi peli (paras kolmesta). Pelit voivat loppua my\u00f6s tasan.<\/li>\n\n\n\n<li>Playoffeissa otteluiden ollessa tasan peliajan p\u00e4\u00e4ttyess\u00e4, pelataan niin kauan kunnes jompikumpi joukkue tekee maalin. Playoffeissa pelit eiv\u00e4t voi loppua tasan.<\/li>\n\n\n\n<li>Peli loppuu v\u00e4litt\u00f6m\u00e4sti peliajan loputtua<\/li>\n\n\n\n<li>Vaihdot\n<ul class=\"wp-block-list\">\n<li>Joukkue saa vaihtaa pelaajia vapaasti pelin aikana kuitenkin 1 henkil\u00f6\u00e4 pelattavaa pistett\u00e4 kohden<\/li>\n\n\n\n<li>Molemmille joukkueille on osoitettu 1 vaihtoalue kent\u00e4n laidalla<\/li>\n\n\n\n<li>Vaihtoon tulevan pelaajan on koskettava peliin menev\u00e4\u00e4 pelaajaa niin, ett\u00e4 peliin menev\u00e4 pelaaja seisoo vain vaihtoalueella<\/li>\n\n\n\n<li>Vaihtorikkeist\u00e4 tuomitaan rike huutamalla \"vaihtovirhe\", joka keskeytt\u00e4\u00e4 pelin kuten pick<\/li>\n<\/ul>\n<\/li>\n\n\n\n<li>Maalin tekeminen\n<ul class=\"wp-block-list\">\n<li>Maalin j\u00e4lkeen hy\u00f6k\u00e4nnyt joukkue asettaa kiekon viivyttelem\u00e4tt\u00e4 siihen kohtaan tai l\u00e4himp\u00e4\u00e4n kohtaaan maalialuettaa miss\u00e4 maalin tehnyt pelaaja on pys\u00e4htyess\u00e4\u00e4n maalin teon j\u00e4lkeen.<\/li>\n\n\n\n<li>Kiekon asettamisen j\u00e4lkeen puolustaneella joukkueella on 5s (pre-stall) aikaa nostaa kiekko ja aloittaa oma hy\u00f6kk\u00e4ys.<\/li>\n\n\n\n<li>Pre-stall laskun saa aloittaa heti kun kiekko on maassa paikallaan s\u00e4\u00e4nt\u00f6jen mukaan<\/li>\n\n\n\n<li>Joukkueet eiv\u00e4t vaihda hy\u00f6kk\u00e4yssuuntaa maalin j\u00e4lkeen, vaan se pysyy joukkueella samana koko pelin ajan<\/li>\n<\/ul>\n<\/li>\n\n\n\n<li>Peliss\u00e4 ei ole pistekattoa vaan pelit p\u00e4\u00e4ttyv\u00e4t aina peliajan loppumiseen \n<ul class=\"wp-block-list\">\n<li>T\u00e4m\u00e4 tarkoittaa ett\u00e4 normaalista poiketen my\u00f6s tasapelit ovat mahdollisia<\/li>\n<\/ul>\n<\/li>\n\n\n\n<li>Muilta osin sovelletaan sis\u00e4ultimaten s\u00e4\u00e4nt\u00f6j\u00e4<\/li>\n<\/ul>\n\n\n\n<figure class=\"wp-block-image size-full\"><a href=\"https:\/\/euc.fi\/wp-content\/uploads\/2023\/02\/image-8.png\"><img loading=\"lazy\" decoding=\"async\" width=\"528\" height=\"572\" src=\"https:\/\/euc.fi\/wp-content\/uploads\/2023\/02\/image-8.png\" alt=\"\" class=\"wp-image-500\" srcset=\"https:\/\/euc.fi\/wp-content\/uploads\/2023\/02\/image-8.png 528w, https:\/\/euc.fi\/wp-content\/uploads\/2023\/02\/image-8-277x300.png 277w, https:\/\/euc.fi\/wp-content\/uploads\/2023\/02\/image-8-11x12.png 11w\" sizes=\"(max-width: 528px) 100vw, 528px\" \/><\/a><figcaption class=\"wp-element-caption\">Vaihtoalueet, 1 per joukkue<\/figcaption><\/figure>\n\n\n\n<h2 class=\"wp-block-heading\">Info<\/h2>\n\n\n\n<p>Paikka: Opinm\u00e4en kampus, Lillhemtintie 1, 02250 Espoo.  <a rel=\"noreferrer noopener\" href=\"https:\/\/goo.gl\/maps\/dLnbwu43AbiXCVJTA\" target=\"_blank\">Maps<\/a><\/p>\n\n\n\n<p>Aika: 26.2.2023 12:00-19:00<\/p>\n\n\n\n<p>Sarjat: Naiset 8 joukkuetta, Avoin 16 Joukkuetta<\/p>\n\n\n\n<p>Peliformaatti ja joukkue: 3v3, jatkuva peli, ~10 min peliaika, joukkueeseen saa kuulua max 5 pelaajaa<\/p>\n\n\n\n<p>Hinta: 25\u20ac \/ Joukkue<\/p>\n\n\n\n<p>Ilmoittautuminen:  19.2.2023 menness\u00e4 (Ilmoittautuminen on p\u00e4\u00e4ttynyt)<\/p>\n\n\n\n<h2 class=\"wp-block-heading\">Turnauksen kontaktit<\/h2>\n\n\n\n<p>Facebook, IG tai tapahtumat FB sivu<\/p>\n\n\n\n<p>Ilkka Vaahtoranta (TD)<\/p>\n\n\n\n<p>Jarno Sihvo (Media)<\/p>\n\n\n\n<p>Pekka Kinnunen (Viestint\u00e4)<\/p>\n\n\n\n<h2 class=\"wp-block-heading\">Ilmoittautuneet Joukkueet 19.2.<\/h2>\n\n\n\n<h3 class=\"wp-block-heading\">Naiset (6)<\/h3>\n\n\n\n<ul class=\"wp-block-list\">\n<li>Sipoo Odd Stars<\/li>\n\n\n\n<li>Trikoobeibet<\/li>\n\n\n\n<li>Erhelicious<\/li>\n\n\n\n<li>Goldies<\/li>\n\n\n\n<li>Viima Express<\/li>\n\n\n\n<li>Asiaa!<\/li>\n<\/ul>\n\n\n\n<h3 class=\"wp-block-heading\">Avoin (11)<\/h3>\n\n\n\n<ul class=\"wp-block-list\">\n<li>Melm\u00f6<\/li>\n\n\n\n<li>ESKARI<\/li>\n\n\n\n<li>Reppulit<\/li>\n\n\n\n<li>Mikko No Morri<\/li>\n\n\n\n<li>Salko Few Stars<\/li>\n\n\n\n<li>Hukka<\/li>\n\n\n\n<li>Coman Kound\u00e9<\/li>\n\n\n\n<li>Buzz Boys<\/li>\n\n\n\n<li>Loputon Hiki (LoHi)<\/li>\n\n\n\n<li>Latecomers<\/li>\n\n\n\n<li>Konala<\/li>\n<\/ul>\n\n\n\n<p><\/p>\n\n\n\n<p><\/p>\n<\/div><\/div>","protected":false},"excerpt":{"rendered":"<p>Tilanne P\u00e4\u00e4ll\u00e4 2023 - 26.2.2023 Lopulliset Tulokset Avoin Naiset 1 Reppulit 1 Sipoo Odd Stars 2 Coman Kound\u00e9 2 Trikoobeibet 3 Melm\u00f6 3 Goldies 4 Hukka 4 Erhelicious 5 Mikko No Morri 5 Asiaa! 6 Salko Few Stars 6 Viima Express 7 Loputon Hiki (LoHi) 8 Buzz Boys 9 Konala [&hellip;]<\/p>\n","protected":false},"author":1,"featured_media":0,"parent":0,"menu_order":0,"comment_status":"closed","ping_status":"closed","template":"","meta":{"footnotes":""},"class_list":["post-456","page","type-page","status-publish","hentry"],"_links":{"self":[{"href":"https:\/\/euc.fi\/en\/wp-json\/wp\/v2\/pages\/456"}],"collection":[{"href":"https:\/\/euc.fi\/en\/wp-json\/wp\/v2\/pages"}],"about":[{"href":"https:\/\/euc.fi\/en\/wp-json\/wp\/v2\/types\/page"}],"author":[{"embeddable":true,"href":"https:\/\/euc.fi\/en\/wp-json\/wp\/v2\/users\/1"}],"replies":[{"embeddable":true,"href":"https:\/\/euc.fi\/en\/wp-json\/wp\/v2\/comments?post=456"}],"version-history":[{"count":21,"href":"https:\/\/euc.fi\/en\/wp-json\/wp\/v2\/pages\/456\/revisions"}],"predecessor-version":[{"id":509,"href":"https:\/\/euc.fi\/en\/wp-json\/wp\/v2\/pages\/456\/revisions\/509"}],"wp:attachment":[{"href":"https:\/\/euc.fi\/en\/wp-json\/wp\/v2\/media?parent=456"}],"curies":[{"name":"wp","href":"https:\/\/api.w.org\/{rel}","templated":true}]}}