{"id":529,"date":"2023-12-09T08:12:29","date_gmt":"2023-12-09T05:12:29","guid":{"rendered":"https:\/\/euc.fi\/?page_id=529"},"modified":"2024-10-02T14:37:34","modified_gmt":"2024-10-02T11:37:34","slug":"tilanne-paalla-2024","status":"publish","type":"page","link":"https:\/\/euc.fi\/en\/tilanne-paalla-2024\/","title":{"rendered":"Tilanne P\u00e4\u00e4ll\u00e4 2024"},"content":{"rendered":"<div id=\"dslc-theme-content\"><div id=\"dslc-theme-content-inner\"><div class=\"wp-block-image\">\n<figure class=\"aligncenter size-large\"><a href=\"https:\/\/euc.fi\/wp-content\/uploads\/2023\/11\/WhatsApp-Kuva-2023-09-15-klo-22.32.40_a2bf1bdb.jpg\"><img loading=\"lazy\" decoding=\"async\" width=\"1024\" height=\"1024\" src=\"https:\/\/euc.fi\/wp-content\/uploads\/2023\/11\/WhatsApp-Kuva-2023-09-15-klo-22.32.40_a2bf1bdb-1024x1024.jpg\" alt=\"\" class=\"wp-image-534\" srcset=\"https:\/\/euc.fi\/wp-content\/uploads\/2023\/11\/WhatsApp-Kuva-2023-09-15-klo-22.32.40_a2bf1bdb-1024x1024.jpg 1024w, https:\/\/euc.fi\/wp-content\/uploads\/2023\/11\/WhatsApp-Kuva-2023-09-15-klo-22.32.40_a2bf1bdb-300x300.jpg 300w, https:\/\/euc.fi\/wp-content\/uploads\/2023\/11\/WhatsApp-Kuva-2023-09-15-klo-22.32.40_a2bf1bdb-150x150.jpg 150w, https:\/\/euc.fi\/wp-content\/uploads\/2023\/11\/WhatsApp-Kuva-2023-09-15-klo-22.32.40_a2bf1bdb-768x768.jpg 768w, https:\/\/euc.fi\/wp-content\/uploads\/2023\/11\/WhatsApp-Kuva-2023-09-15-klo-22.32.40_a2bf1bdb-12x12.jpg 12w, https:\/\/euc.fi\/wp-content\/uploads\/2023\/11\/WhatsApp-Kuva-2023-09-15-klo-22.32.40_a2bf1bdb.jpg 1244w\" sizes=\"(max-width: 1024px) 100vw, 1024px\" \/><\/a><figcaption class=\"wp-element-caption\"><em>Taas on Tilanne P\u00e4\u00e4ll\u00e4!<\/em><\/figcaption><\/figure><\/div>\n\n\n<p>Tilanne P\u00e4\u00e4ll\u00e4 on 3v3 pelattava vauhdikas turnaus! Peliformaatti yhdist\u00e4\u00e4 nopeatempoisen pelin, tavallista pienemm\u00e4n pelikent\u00e4n, lyhyet pelit, jatkuvan pelin ilman taukoja sek\u00e4 tunteen siit\u00e4, ett\u00e4 nyt on tilanne p\u00e4\u00e4ll\u00e4!<\/p>\n\n\n\n<p>Kokoa oma nelj\u00e4n tai viiden hengen joukkueesi ja l\u00e4hde mukaan haastamaan muita vuoden raikkaimpaan turnaukseen!<\/p>\n\n\n\n<p><a href=\"https:\/\/euc.fi\/en\/tilanne-paalla-2023\/\">2023 tulokset<\/a><\/p>\n\n\n\n<h2 class=\"wp-block-heading\">Tulokset<\/h2>\n\n\n\n<p><strong>Women<\/strong><\/p>\n\n\n\n<figure class=\"wp-block-table is-style-stripes\"><table class=\"has-fixed-layout\"><tbody><tr><td>1<\/td><td>Goldies<\/td><\/tr><tr><td>2<\/td><td>Trikoobeibet<\/td><\/tr><tr><td>3<\/td><td>Roadmini$<\/td><\/tr><tr><td>4<\/td><td>Juniors<\/td><\/tr><\/tbody><\/table><\/figure>\n\n\n\n<p><strong>Avoin<\/strong><\/p>\n\n\n\n<figure class=\"wp-block-table is-style-stripes\"><table class=\"has-fixed-layout\"><tbody><tr><td>1<\/td><td>Melm\u00f6<\/td><\/tr><tr><td>2<\/td><td>Reppulit<\/td><\/tr><tr><td>3<\/td><td>Coman Kound\u00e9<\/td><\/tr><tr><td>4<\/td><td>Hukka<\/td><\/tr><tr><td>5<\/td><td>Ppoulari<\/td><\/tr><tr><td>6<\/td><td>Buzz Boys<\/td><\/tr><tr><td>7<\/td><td>Mikko No Morri<\/td><\/tr><tr><td>8<\/td><td>Konala<\/td><\/tr><tr><td>9<\/td><td>Loputon Hiki (LoHi)<\/td><\/tr><tr><td>10<\/td><td>Kiekkokissat<\/td><\/tr><tr><td>11<\/td><td>DAAMN<\/td><\/tr><\/tbody><\/table><\/figure>\n\n\n\n<h2 class=\"wp-block-heading\">Info<\/h2>\n\n\n\n<p>Paikka: Opinm\u00e4en kampus, Lillhemtintie 1, 02250 Espoo.  <a rel=\"noreferrer noopener\" href=\"https:\/\/goo.gl\/maps\/dLnbwu43AbiXCVJTA\" target=\"_blank\">Maps<\/a><\/p>\n\n\n\n<p>Aika: 24.2.2024<\/p>\n\n\n\n<p>Sarjat: Naiset 8 joukkuetta, Avoin 16 Joukkuetta<\/p>\n\n\n\n<p>Peliformaatti ja joukkue: 3v3, jatkuva peli, ~10 min peliaika, joukkueen koko on 4-5 pelaajaa<\/p>\n\n\n\n<p>Hinta: 50\u20ac \/ Joukkue<\/p>\n\n\n\n<p>Maksutiedot<br>Saaja: Espoo Ultimate Club ry.<br>IBAN: FI92 2290 1800 1387 30<br>Viesti: Tilanne p\u00e4\u00e4ll\u00e4 + joukkueen nimi (eli esim. \" Tilanne p\u00e4\u00e4ll\u00e4 Otso\")<\/p>\n\n\n\n<p>Ilmoittautuminen:  21.1.2024 menness\u00e4 t\u00e4ll\u00e4 <a href=\"https:\/\/forms.gle\/udSfKA7L8YzRR22S7\">lomakkeella<\/a><\/p>\n\n\n\n<h2 class=\"wp-block-heading\">Ilmoittautuneet Joukkueet 29.12.2023<\/h2>\n\n\n\n<p><strong>Women<\/strong><\/p>\n\n\n\n<ul class=\"wp-block-list\">\n<li>Anni:t<\/li>\n\n\n\n<li>Juniors<\/li>\n\n\n\n<li>Roadmini$<\/li>\n\n\n\n<li>Goldies<\/li>\n\n\n\n<li>Trikoobeibet<\/li>\n<\/ul>\n\n\n\n<p><strong>Avoin<\/strong><\/p>\n\n\n\n<ul class=\"wp-block-list\">\n<li>Coman Kound\u00e9<\/li>\n\n\n\n<li>Konala<\/li>\n\n\n\n<li>Ppoulari<\/li>\n\n\n\n<li>Mikko&amp;Morri<\/li>\n\n\n\n<li>Melm\u00f6<\/li>\n\n\n\n<li>Buzz Boys<\/li>\n\n\n\n<li>Hukka<\/li>\n\n\n\n<li>Reppulit<\/li>\n\n\n\n<li>Kiekkokissat<\/li>\n\n\n\n<li>LoHi<\/li>\n\n\n\n<li>DAAMN<\/li>\n<\/ul>\n\n\n\n<h2 class=\"wp-block-heading\">Turnauss\u00e4\u00e4nn\u00f6t<\/h2>\n\n\n\n<ul class=\"wp-block-list\">\n<li>Turnauss\u00e4\u00e4nn\u00f6iss\u00e4 olevien porsaanreikien hyv\u00e4ksik\u00e4ytt\u00e4minen tulkitaan h\u00e4pe\u00e4lliseksi teoksi, hyh!<\/li>\n\n\n\n<li>Joukkueilta odotetaan hyv\u00e4n spiritin mukaista toimintaa. Spirit pisteit\u00e4 ei ker\u00e4t\u00e4 otteluista.<\/li>\n\n\n\n<li>Joukkeella on oltava yhten\u00e4inen peliasu<\/li>\n\n\n\n<li>Joukkue koostuu 4-5 pelaajasta<\/li>\n\n\n\n<li>Pelikent\u00e4n koko n. 20mx10m, maalialueen syvyys n.5m<\/li>\n\n\n\n<li>Peliaika 10min<\/li>\n\n\n\n<li>Pys\u00e4ytyslaskenta 6s ja s\u00e4\u00e4nn\u00f6t kuten sis\u00e4ultimatessa<\/li>\n<\/ul>\n\n\n\n<h3 class=\"wp-block-heading\">Pelin Kulku<\/h3>\n\n\n\n<ul class=\"wp-block-list\">\n<li>Joukkueet arpovat ennen pelin alkua puolustus\/hy\u00f6kk\u00e4ysvuoron ja aloitusp\u00e4\u00e4dyn normaalisti<\/li>\n\n\n\n<li>Joukkueen puolustama maali ei vaihdu pelin aikana<\/li>\n\n\n\n<li>Peliss\u00e4 ei ole kuin 1 aloitusheitto pelin alussa<\/li>\n\n\n\n<li>Peliaika alkaa ja loppuu yhdell\u00e4 yhteisell\u00e4 \u00e4\u00e4nimerkill\u00e4 aikataulun mukaisesti kaikilla kentill\u00e4<\/li>\n\n\n\n<li>Peleiss\u00e4 ei ole puoliaikaa<\/li>\n\n\n\n<li>Alkulohkossa joukkueiden paremmuus ratkaistaan j\u00e4rjestyksess\u00e4: pisteet, keskin\u00e4iset ottelut, keskin\u00e4isten otteluiden maaliero, kaikkien otteluiden maaliero, ja mik\u00e4li n\u00e4m\u00e4 ovat tasan, kivi-sakset-paperi peli (paras kolmesta). Pelit voivat loppua my\u00f6s tasan.<\/li>\n\n\n\n<li>Playoffeissa otteluiden ollessa tasan peliajan p\u00e4\u00e4ttyess\u00e4, pelataan niin kauan kunnes jompikumpi joukkue tekee maalin. Playoffeissa pelit eiv\u00e4t voi loppua tasan.<\/li>\n\n\n\n<li>Peli loppuu v\u00e4litt\u00f6m\u00e4sti peliajan loputtua<\/li>\n\n\n\n<li><strong>HUOM Muutos 2023 turnauksen s\u00e4\u00e4nn\u00f6ist\u00e4!<\/strong> Kulta ja Pronssiottelu pelataan normaalilla peliajalla ja pistekatolla joka on +1 johtavan joukkueen pisteisiin ajan loppuessa<\/li>\n\n\n\n<li>Vaihdot\n<ul class=\"wp-block-list\">\n<li>Joukkue saa vaihtaa pelaajia vapaasti pelin aikana kuitenkin 1 henkil\u00f6\u00e4 pelattavaa pistett\u00e4 kohden<\/li>\n\n\n\n<li>Molemmille joukkueille on osoitettu 1 vaihtoalue kent\u00e4n laidalla<\/li>\n\n\n\n<li>Vaihtoon tulevan pelaajan on koskettava peliin menev\u00e4\u00e4 pelaajaa niin, ett\u00e4 peliin menev\u00e4 pelaaja seisoo vain vaihtoalueella<\/li>\n\n\n\n<li>Vaihtorikkeist\u00e4 tuomitaan rike huutamalla \"vaihtovirhe\", joka keskeytt\u00e4\u00e4 pelin kuten pick<\/li>\n<\/ul>\n<\/li>\n\n\n\n<li>Maalin tekeminen\n<ul class=\"wp-block-list\">\n<li>Maalin j\u00e4lkeen hy\u00f6k\u00e4nnyt joukkue asettaa kiekon viivyttelem\u00e4tt\u00e4 siihen kohtaan tai l\u00e4himp\u00e4\u00e4n kohtaaan maalialuetta miss\u00e4 maalin tehnyt pelaaja on pys\u00e4htyess\u00e4\u00e4n maalin teon j\u00e4lkeen.<\/li>\n\n\n\n<li>Kiekon asettamisen j\u00e4lkeen puolustaneella joukkueella on 5s (pre-stall) aikaa nostaa kiekko ja aloittaa oma hy\u00f6kk\u00e4ys.<\/li>\n\n\n\n<li>Pre-stall laskun saa aloittaa heti kun kiekko on maassa paikallaan s\u00e4\u00e4nt\u00f6jen mukaan<\/li>\n\n\n\n<li>Joukkueet eiv\u00e4t vaihda hy\u00f6kk\u00e4yssuuntaa maalin j\u00e4lkeen, vaan se pysyy joukkueella samana koko pelin ajan<\/li>\n<\/ul>\n<\/li>\n\n\n\n<li>Peliss\u00e4 ei ole pistekattoa vaan pelit p\u00e4\u00e4ttyv\u00e4t aina peliajan loppumiseen \n<ul class=\"wp-block-list\">\n<li>T\u00e4m\u00e4 tarkoittaa ett\u00e4 normaalista poiketen my\u00f6s tasapelit ovat mahdollisia<\/li>\n<\/ul>\n<\/li>\n\n\n\n<li>Muilta osin sovelletaan sis\u00e4ultimaten s\u00e4\u00e4nt\u00f6j\u00e4<\/li>\n<\/ul>\n\n\n\n<figure class=\"wp-block-image size-full\"><a href=\"https:\/\/euc.fi\/wp-content\/uploads\/2023\/02\/image-8.png\"><img loading=\"lazy\" decoding=\"async\" width=\"528\" height=\"572\" src=\"https:\/\/euc.fi\/wp-content\/uploads\/2023\/02\/image-8.png\" alt=\"\" class=\"wp-image-500\" srcset=\"https:\/\/euc.fi\/wp-content\/uploads\/2023\/02\/image-8.png 528w, https:\/\/euc.fi\/wp-content\/uploads\/2023\/02\/image-8-277x300.png 277w, https:\/\/euc.fi\/wp-content\/uploads\/2023\/02\/image-8-11x12.png 11w\" sizes=\"(max-width: 528px) 100vw, 528px\" \/><\/a><figcaption class=\"wp-element-caption\">Vaihtoalueet, 1 per joukkue<\/figcaption><\/figure>\n\n\n\n<h2 class=\"wp-block-heading\">Turnauksen kontaktit<\/h2>\n\n\n\n<p>Facebook, IG tai tapahtumat FB sivu<\/p>\n\n\n\n<p>Ilkka Vaahtoranta (TD)<\/p>\n\n\n\n<p>Jarno Sihvo (Media)<\/p>\n\n\n\n<p>Pekka Kinnunen (Viestint\u00e4)<\/p>\n<\/div><\/div>","protected":false},"excerpt":{"rendered":"<p>Tilanne P\u00e4\u00e4ll\u00e4 on 3v3 pelattava vauhdikas turnaus! Peliformaatti yhdist\u00e4\u00e4 nopeatempoisen pelin, tavallista pienemm\u00e4n pelikent\u00e4n, lyhyet pelit, jatkuvan pelin ilman taukoja sek\u00e4 tunteen siit\u00e4, ett\u00e4 nyt on tilanne p\u00e4\u00e4ll\u00e4! Kokoa oma nelj\u00e4n tai viiden hengen joukkueesi ja l\u00e4hde mukaan haastamaan muita vuoden raikkaimpaan turnaukseen! 2023 tulokset Tulokset Naiset 1 Goldies 2 [&hellip;]<\/p>\n","protected":false},"author":1,"featured_media":0,"parent":0,"menu_order":0,"comment_status":"closed","ping_status":"closed","template":"","meta":{"footnotes":""},"class_list":["post-529","page","type-page","status-publish","hentry"],"_links":{"self":[{"href":"https:\/\/euc.fi\/en\/wp-json\/wp\/v2\/pages\/529"}],"collection":[{"href":"https:\/\/euc.fi\/en\/wp-json\/wp\/v2\/pages"}],"about":[{"href":"https:\/\/euc.fi\/en\/wp-json\/wp\/v2\/types\/page"}],"author":[{"embeddable":true,"href":"https:\/\/euc.fi\/en\/wp-json\/wp\/v2\/users\/1"}],"replies":[{"embeddable":true,"href":"https:\/\/euc.fi\/en\/wp-json\/wp\/v2\/comments?post=529"}],"version-history":[{"count":12,"href":"https:\/\/euc.fi\/en\/wp-json\/wp\/v2\/pages\/529\/revisions"}],"predecessor-version":[{"id":582,"href":"https:\/\/euc.fi\/en\/wp-json\/wp\/v2\/pages\/529\/revisions\/582"}],"wp:attachment":[{"href":"https:\/\/euc.fi\/en\/wp-json\/wp\/v2\/media?parent=529"}],"curies":[{"name":"wp","href":"https:\/\/api.w.org\/{rel}","templated":true}]}}