{"id":9,"date":"2014-09-01T15:14:48","date_gmt":"2014-09-01T12:14:48","guid":{"rendered":"http:\/\/euc.fi\/?page_id=9"},"modified":"2026-04-19T21:41:43","modified_gmt":"2026-04-19T18:41:43","slug":"viima","status":"publish","type":"page","link":"https:\/\/euc.fi\/en\/viima\/","title":{"rendered":"Women"},"content":{"rendered":"<div id=\"dslc-theme-content\"><div id=\"dslc-theme-content-inner\">\n<p>EUC:n naisten joukkue Viima koostuu sek\u00e4 aloittelevista ett\u00e4 kokeneemmista pelaajista. L\u00e4mpim\u00e4sti tervetuloa kokeilemaan ultimatea. Treeneihimme voi tulla tutustumaan matalalla kynnyksell\u00e4 - aina ilo saada uusia pelaajia. Niin aloittelijat kuin kokeneet ovat tervetulleita. Miss\u00e4 tahansa vaiheessa kautta voi tulla mukaan, ja treenej\u00e4 voi kokeilla kolme kertaa maksutta. N\u00e4hd\u00e4\u00e4n treeneiss\u00e4!\ud83d\ude04\ud83e\udd4f\ud83d\udc9c Yhteydenotot:&nbsp;<a href=\"mailto:viima@euc.fi\">viima@euc.fi<\/a><\/p>\n\n\n<p><a href=\"https:\/\/euc.fi\/wp-content\/uploads\/2024\/11\/viima_nsut.jpg\"><img loading=\"lazy\" decoding=\"async\" src=\"https:\/\/euc.fi\/wp-content\/uploads\/2024\/11\/viima_nsut-e1730651238908-1024x864.jpg\" alt=\"\" width=\"750\" height=\"633\" class=\"alignnone wp-image-595 size-large\" srcset=\"https:\/\/euc.fi\/wp-content\/uploads\/2024\/11\/viima_nsut-e1730651238908-1024x864.jpg 1024w, https:\/\/euc.fi\/wp-content\/uploads\/2024\/11\/viima_nsut-e1730651238908-300x253.jpg 300w, https:\/\/euc.fi\/wp-content\/uploads\/2024\/11\/viima_nsut-e1730651238908-768x648.jpg 768w, https:\/\/euc.fi\/wp-content\/uploads\/2024\/11\/viima_nsut-e1730651238908-14x12.jpg 14w, https:\/\/euc.fi\/wp-content\/uploads\/2024\/11\/viima_nsut-e1730651238908.jpg 1200w\" sizes=\"(max-width: 750px) 100vw, 750px\" \/><\/a><\/p>\n<h3>Naisten harjoitukset ulkokausi 2026<strong><span>\u2600\ufe0f<\/span><!-- notionvc: be9a59b8-e1fe-4ccb-ae78-0953fde0489b --><\/strong><\/h3>\n<ul>\n<li style=\"list-style-type: none\">\n<ul>\n<li><strong>Maanantai klo 19-21<\/strong>\u00a0Keski-Espoon urheilupuisto (kentt\u00e4 2), <a href=\"https:\/\/maps.app.goo.gl\/nQB9h6UQrFAQbXSv9\">Kyl\u00e4vainiontie 18, 02760 Espoo<\/a><\/li>\n<li><strong>Keskiviikko klo 18-20 <\/strong><span>Keski-Espoon urheilupuisto (kentt\u00e4 2), <\/span><a href=\"https:\/\/maps.app.goo.gl\/nQB9h6UQrFAQbXSv9\">Kyl\u00e4vainiontie 18, 02760 Espoo<\/a><\/li>\n<\/ul>\n<\/li>\n<\/ul>\n<br \/>\n<p>Ulkokausi huhtikuu-syyskuu<\/p>\n<h3>Naisten harjoitukset sis\u00e4kausi 2025-26<strong><span>\u2744\ufe0f<\/span><!-- notionvc: 52330729-1b20-4f99-bc20-037f355a69a3 --><\/strong><\/h3>\n<ul>\n<li><strong>Lauantai klo 8.30-10 <\/strong>Lepp\u00e4vaaran urheiluhalli, <a href=\"https:\/\/www.google.com\/maps\/place\/Lepp%C3%A4vaaran+urheiluhalli,+Ver%C3%A4j%C3%A4pellonkatu+6,+02650+Espoo\/@60.2256714,24.804918,440m\/data=!3m2!1e3!4b1!4m6!3m5!1s0x468df662ac49bde9:0xe1efa28e49fc976d!8m2!3d60.2256688!4d24.8074929!16s%2Fg%2F11x6r92s7w?entry=ttu&amp;g_ep=EgoyMDI1MTAwOC4wIKXMDSoASAFQAw%3D%3D\">Ver\u00e4j\u00e4pellonkatu 6, 02650 Espoo<\/a><strong><\/strong><\/li>\n<li><em>lokakuu-joulukuu:<\/em> <strong>Maanantai klo 19.30-21<\/strong> Kameleonten Lepp\u00e4vaara, <a href=\"https:\/\/www.google.com\/maps\/place\/Kameleonten+Sports+Hall\/@60.2250554,24.7958043,440m\/data=!3m2!1e3!4b1!4m6!3m5!1s0x468df7d20ff90dc1:0xfbf054d211036b47!8m2!3d60.2250528!4d24.7983792!16s%2Fg%2F11v61rj10x?entry=ttu&amp;g_ep=EgoyMDI1MTAwOC4wIKXMDSoASAFQAw%3D%3D\">Monikonkatu 8, 02650 Espoo<\/a>\u00a0<\/li>\n<li><em>tammikuu-maaliskuu:<\/em> <strong>Torstai klo 19-21 <\/strong>Kameleonten Lepp\u00e4vaara, <a href=\"https:\/\/www.google.com\/maps\/place\/Kameleonten+Sports+Hall\/@60.2250554,24.7958043,440m\/data=!3m2!1e3!4b1!4m6!3m5!1s0x468df7d20ff90dc1:0xfbf054d211036b47!8m2!3d60.2250528!4d24.7983792!16s%2Fg%2F11v61rj10x?entry=ttu&amp;g_ep=EgoyMDI1MTAwOC4wIKXMDSoASAFQAw%3D%3D\">Monikonkatu 8, 02650 Espoo<\/a>\u00a0<\/li>\n<\/ul>\n<ul><\/ul>\n<p>Sis\u00e4kausi lokakuu-maaliskuu<\/p>\n<p><strong>Q&amp;A<\/strong><\/p>\n<p><strong><span>\ud83d\udc5f<\/span><!-- notionvc: 657975ff-9169-4243-bd8a-9ce5b86e978f -->Mit\u00e4 mukaan treeneihin?<\/strong> Tarvitset vain juomapullon sek\u00e4 liikkumiseen sopivat keng\u00e4t. Ulkokaudella nappikset ja talvella sis\u00e4pelikeng\u00e4t. Ulkokaudella ensimm\u00e4isell\u00e4 kerralla riitt\u00e4\u00e4 mainiosti my\u00f6s lenkkarit. Peliv\u00e4lineen eli liitokiekon saa lainaan, mik\u00e4li sellaista ei viel\u00e4 l\u00f6ydy.<\/p>\n<p><span>\ud83e\udd14<strong>Mink\u00e4 ik\u00e4isille treenit ovat?<\/strong> T\u00e4ll\u00e4 hetkell\u00e4 treeneiss\u00e4 k\u00e4y aktiivisesti noin 15-40 -vuotiaita. Ik\u00e4rajat eiv\u00e4t kuitenkaan ole kiveen hakattuja, innostus on t\u00e4rkeint\u00e4! Huomioi my\u00f6s junioritreenimahdollisuus alle 18-vuotiailla.\u00a0<\/span><!-- notionvc: c59ff52f-5a93-4e14-a27a-9ebf06f0dca8 --><\/p>\n<p><span>\ud83d\udcb8<\/span><!-- notionvc: c18f8779-9623-459b-892c-335f3d508dd1 --><strong>Paljonko treenit maksavat?<\/strong> Ultimate on edullinen laji. Treenej\u00e4 voi kokeilla kolme kertaa maksutta. Seuran j\u00e4senyys ja yksi kausimaksu (ulko tai sis\u00e4) ovat yleens\u00e4 olleet yhteens\u00e4 alle 200 euroa. Tarkempia ajankohtaisia summia voi kysy\u00e4 <a href=\"mailto:viima@euc.fi\">viima@euc.fi<\/a>. Maksulla katetaan harjoituskenttien kustannukset.\u00a0<\/p>\n<p><strong>Yhteydenotot<\/strong>:\u00a0<a href=\"mailto:viima@euc.fi\">viima@euc.fi<\/a> <em>Ole rohkeasti yhteydess\u00e4, vastaamme mielell\u00e4mme!<\/em><\/p>\n<p><strong>Katso tunnelmia somesta<span>\ud83e\udd29<\/span><!-- notionvc: 41647e73-0ab7-4721-8215-ec332659a095 -->: <\/strong><\/p>\n<ul>\n<li>instagram: <a href=\"https:\/\/www.instagram.com\/viimaultimate\/\">@viimaultimate<\/a><\/li>\n<li>facebook: <a href=\"https:\/\/www.facebook.com\/viimaultimate\/\">@viimaultimate<\/a><\/li>\n<\/ul><\/div><\/div>","protected":false},"excerpt":{"rendered":"<p>EUC:n naisten joukkue Viima koostuu sek\u00e4 aloittelevista ett\u00e4 kokeneemmista pelaajista. L\u00e4mpim\u00e4sti tervetuloa kokeilemaan ultimatea. Treeneihimme voi tulla tutustumaan matalalla kynnyksell\u00e4 - aina ilo saada uusia pelaajia. Niin aloittelijat kuin kokeneet ovat tervetulleita. Miss\u00e4 tahansa vaiheessa kautta voi tulla mukaan, ja treenej\u00e4 voi kokeilla kolme kertaa maksutta. N\u00e4hd\u00e4\u00e4n treeneiss\u00e4!\ud83d\ude04\ud83e\udd4f\ud83d\udc9c Yhteydenotot:&nbsp;viima@euc.fi Naisten [&hellip;]<\/p>\n","protected":false},"author":1,"featured_media":0,"parent":0,"menu_order":0,"comment_status":"closed","ping_status":"closed","template":"","meta":{"footnotes":""},"class_list":["post-9","page","type-page","status-publish","hentry"],"_links":{"self":[{"href":"https:\/\/euc.fi\/en\/wp-json\/wp\/v2\/pages\/9"}],"collection":[{"href":"https:\/\/euc.fi\/en\/wp-json\/wp\/v2\/pages"}],"about":[{"href":"https:\/\/euc.fi\/en\/wp-json\/wp\/v2\/types\/page"}],"author":[{"embeddable":true,"href":"https:\/\/euc.fi\/en\/wp-json\/wp\/v2\/users\/1"}],"replies":[{"embeddable":true,"href":"https:\/\/euc.fi\/en\/wp-json\/wp\/v2\/comments?post=9"}],"version-history":[{"count":66,"href":"https:\/\/euc.fi\/en\/wp-json\/wp\/v2\/pages\/9\/revisions"}],"predecessor-version":[{"id":672,"href":"https:\/\/euc.fi\/en\/wp-json\/wp\/v2\/pages\/9\/revisions\/672"}],"wp:attachment":[{"href":"https:\/\/euc.fi\/en\/wp-json\/wp\/v2\/media?parent=9"}],"curies":[{"name":"wp","href":"https:\/\/api.w.org\/{rel}","templated":true}]}}